{"id":7594,"date":"2022-07-20T08:23:45","date_gmt":"2022-07-20T08:23:45","guid":{"rendered":"https:\/\/facenord.be\/confidentialite\/"},"modified":"2022-09-15T14:46:49","modified_gmt":"2022-09-15T14:46:49","slug":"privacy","status":"publish","type":"page","link":"https:\/\/facenord.be\/nl\/privacy\/","title":{"rendered":"Privacy"},"content":{"rendered":"\t\t<div data-elementor-type=\"wp-post\" data-elementor-id=\"7594\" class=\"elementor elementor-7594 elementor-5078\">\n\t\t\t\t\t\t<section class=\"elementor-section elementor-top-section elementor-element elementor-element-6d69647 elementor-section-stretched scheme_default hide_bg_image_on_mobile elementor-section-boxed elementor-section-height-default elementor-section-height-default\" data-id=\"6d69647\" data-element_type=\"section\" data-e-type=\"section\" id=\"activites\" data-settings=\"{&quot;stretch_section&quot;:&quot;section-stretched&quot;,&quot;background_background&quot;:&quot;classic&quot;}\">\n\t\t\t\t\t\t<div class=\"elementor-container elementor-column-gap-extended\">\n\t\t\t\t\t<div class=\"elementor-column elementor-col-100 elementor-top-column elementor-element elementor-element-eb946c1 sc_inner_width_none sc_layouts_column_icons_position_left\" data-id=\"eb946c1\" data-element_type=\"column\" data-e-type=\"column\">\n\t\t\t<div class=\"elementor-widget-wrap elementor-element-populated\">\n\t\t\t\t\t\t<div class=\"elementor-element elementor-element-231a610 sc_fly_static elementor-invisible elementor-widget elementor-widget-trx_sc_title\" data-id=\"231a610\" data-element_type=\"widget\" data-e-type=\"widget\" data-settings=\"{&quot;_animation&quot;:&quot;zoomIn&quot;}\" data-widget_type=\"trx_sc_title.default\">\n\t\t\t\t<div class=\"elementor-widget-container\">\n\t\t\t\t\t<div id=\"trx_sc_title_155703866\"\r\n\t\tclass=\"sc_title sc_title_default\"><h2 class=\"sc_item_title sc_title_title sc_align_center sc_item_title_style_default sc_item_title_tag\"><span class=\"sc_item_title_text\">PRIVACY<\/span><\/h2><\/div><!-- \/.sc_title -->\t\t\t\t<\/div>\n\t\t\t\t<\/div>\n\t\t\t\t<div class=\"elementor-element elementor-element-315c137 sc_fly_static elementor-widget elementor-widget-spacer\" data-id=\"315c137\" data-element_type=\"widget\" data-e-type=\"widget\" data-widget_type=\"spacer.default\">\n\t\t\t\t<div class=\"elementor-widget-container\">\n\t\t\t\t\t\t\t<div class=\"elementor-spacer\">\n\t\t\t<div class=\"elementor-spacer-inner\"><\/div>\n\t\t<\/div>\n\t\t\t\t\t\t<\/div>\n\t\t\t\t<\/div>\n\t\t\t\t<div class=\"elementor-element elementor-element-9a7b797 sc_fly_static elementor-widget elementor-widget-text-editor\" data-id=\"9a7b797\" data-element_type=\"widget\" data-e-type=\"widget\" data-widget_type=\"text-editor.default\">\n\t\t\t\t<div class=\"elementor-widget-container\">\n\t\t\t\t\t\t\t\t\tHet is normaal dat u bijzonder belang hecht aan de manier waarop uw gegevens worden verkregen, gebruikt en gedeeld.\n<br\/><br\/>\nDit beleid inzake de bescherming van persoonsgegevens (het &#8220;Beleid&#8221;) illustreert het engagement van Face Nord \u2013 Soci\u00e9t\u00e9 anonyme onder het nummer BE0455 526 351 en waarvan de kantoren gevestigd zijn op Chemin du Ch\u00eane aux Haies 2 in Bergen \u2013 als verwerkingsverantwoordelijke met betrekking tot het respect voor de privacy en bescherming van de persoonlijke gegevens van haar gebruikers en klanten.\n<br\/><br\/>\nDit beleid voor de bescherming van persoonsgegevens (het &#8220;Beleid&#8221;) is ook opgesteld om u op de hoogte te stellen van de praktijken en voorwaarden waaronder Face Nord uw persoonlijke gegevens verzamelt, gebruikt en opslaat (de &#8220;Gegevens&#8221;). &#8220;).\n<br\/><br\/>\nU vindt er de verschillende gegevens die we kunnen verzamelen en verwerken of die u ons kunt doorgeven wanneer u onze website bezoekt en\/of gebruikt.\n<br\/><br\/>\nGezien de constante evolutie van wet- en regelgeving met betrekking tot technologie en de bescherming van persoonsgegevens, is het waarschijnlijk dat dit beleid zal worden bijgewerkt.\n<br\/><br\/>\nAls u bent ingeschreven voor de nieuwsbrief van deze site, wordt u per e-mail op de hoogte gehouden van eventuele wijzigingen. Als een van de clausules van dit beleid ongeldig of in strijd met de regelgeving wordt verklaard, wordt dit als ongeschreven beschouwd, maar maakt het de andere clausules van dit beleid niet ongeldig.\n<br\/><br\/>\nDit beleid is van toepassing op de verzamelde gegevens:\n<ul>\n \t<li>Via de website;<\/li>\n \t<li>Via de e-mails die worden uitgewisseld tussen Face Nord en u of een ander elektronisch berichtenprogramma;<\/li>\n \t<li>Wanneer u een gebruikersaccount aanmaakt op de Site;<\/li>\n \t<li>Wanneer u zich abonneert op de nieuwsbrief van de site (de &#8220;nieuwsbrief&#8221;).<\/li>\n<\/ul>\nHet is niet van toepassing op informatie die is verzameld door derden of via sites die door hen worden beheerd; inclusief via applicaties of inhoud (inclusief advertenties) die de gebruiker doorverwijzen naar de Sites.\n<br\/><br\/>\nWij danken u voor het zorgvuldig lezen van het Beleid om onze praktijken met betrekking tot de verwerking van uw Gegevens duidelijk te begrijpen en om u te informeren dat de raadpleging en\/of het gebruik van onze Sites noodzakelijkerwijs de aanvaarding van dit Beleid inhoudt. Indien deze laatste uw lidmaatschap niet verkrijgt, nodigen wij u uit om onze site niet te gebruiken. Het is uw verantwoordelijkheid om ervoor te zorgen dat de aan Face Nord gecommuniceerde gegevens volledig, nauwkeurig en up-to-date zijn.\n<h5>1. GEGEVENSVERZAMELING<\/h5>\nTijdens een bezoek aan de site www.facenord.be zonder registratie (inlogtype of andere) uwerzijds op een beveiligde locatie, verzamelt Face Nord geen persoonsgegevens.\nWe verzamelen alleen informatie wanneer u zich registreert op onze site, inlogt op uw account, een aankoop doet, meedoet aan een wedstrijd en\/of uitlogt. Face Nord kan bepaalde informatie vastleggen voor statistische, administratieve of siteverbeteringsdoeleinden, zonder dat dit de openbaarmaking van persoonlijke gegevens of de identificatie van een individuele bezoeker mogelijk maakt.\n<br\/><br\/>\nSamengevat kunnen we de volgende gegevens verzamelen:<br\/>\n<ul>\n \t<li>U wordt noodzakelijkerwijs om uw e-mailadres gevraagd als u een gebruikersaccount wilt aanmaken, met ons wilt communiceren via de contactformulieren en\/of onze nieuwsbrief wilt ontvangen;<\/li>\n \t<li>Gegevens met betrekking tot uw identiteit zoals uw achternaam, voornaam, e-mailadres, telefoonnummer kunnen worden opgevraagd;<\/li>\n \t<li>Gegevens met betrekking tot navigatie: dit zijn gegevens met betrekking tot de manier waarop u de Sites gebruikt, waaronder: het IP-adres, de gebruikte browser, de duur van de navigatie, de geschiedenis van zoekopdrachten, het gebruikte besturingssysteem, taal en bekeken pagina&#8217;s;<\/li>\n \t<li>Gegevens over uw bezoeken aan onze Sites, inclusief verkeersgegevens, logbestanden en andere gegevens- of communicatiebronnen die u gebruikt terwijl u onze Sites bezoekt;<\/li>\n \t<li>Gegevens met betrekking tot bestellingen: uw postadres is nodig voor het opmaken van facturen. Evenzo moeten uw bankgegevens worden verstrekt om door te gaan met de betaling van uw bestelling;<\/li>\n \t<li>Gegevens met betrekking tot het gebruik van sociale netwerken wanneer u de functies gebruikt.<\/li>\n \t<li>Gegevens kunnen op verschillende manieren worden verzameld. De gegevens kunnen rechtstreeks worden verzameld wanneer u ze aan ons overdraagt \u200b\u200bdoor middel van de contactformulieren en het aanmaken van een gebruikersaccount, inschrijving op de nieuwsbrief die beschikbaar is op de site en\/of meegedeeld wanneer u telefonisch contact met ons opneemt.<\/li>\n<\/ul><br\/>\nWanneer u via deze verschillende middelen contact met ons opneemt, wordt een kopie van uw uitwisselingen met Face Nord, inclusief e-mailadressen, gemaakt en gearchiveerd.\n<br\/><br\/>\nFace Nord verzamelt ook indirect uw Gegevens door middel van cookies\/tracers. We nodigen u uit om ons Cookiebeleid te lezen, dat bedoeld is om u te helpen deze technologie\u00ebn en het gebruik dat we ervan maken op onze Sites en als onderdeel van onze diensten, applicaties en tools beter te begrijpen.\n<h5>2. GEBRUIK VAN GEGEVENS<\/h5>\nAlle informatie die we van u verzamelen, kan worden gebruikt om:<br\/>\n<ul>\n \t<li>Pas uw ervaring aan en voldoe aan uw individuele behoeften<\/li>\n \t<li>Bied gepersonaliseerde advertentie-inhoud<\/li>\n \t<li>Verbeter onze website<\/li>\n \t<li>Verbeter de klantenservice en uw ondersteuningsbehoeften<\/li>\n \t<li>Neem per e-mail contact met u op<\/li>\n \t<li>Een wedstrijd, promotie of enqu\u00eate beheren<\/li>\n<\/ul>\n<h5>3. PRIVACY VAN GEGEVENS<\/h5>\nWij zijn de enige eigenaren van de informatie die op deze site wordt verzameld. Uw persoonlijke gegevens zullen om welke reden dan ook, zonder uw toestemming, niet worden verkocht, uitgewisseld, overgedragen of aan een ander bedrijf worden gegeven, behalve als dit nodig is om aan een verzoek en\/of transactie te voldoen, zoals het verzenden van een bestelling.\n<h5>4. DUUR VAN DE OPSLAG VAN GEGEVENS<\/h5>\nFace Nord bewaart uw gegevens alleen voor de duur die nodig is voor de doeleinden uiteengezet in artikel 2. Deze bewaartermijn is niet dezelfde, afhankelijk van de gegevens in kwestie, en de aard en het doel van de verzameling kunnen deze duur vari\u00ebren. Evenzo leggen bepaalde wettelijke verplichtingen een specifieke bewaartermijn op. Wanneer je bent ingeschreven voor de nieuwsbrief, bewaren we je e-mailadres totdat je je afmeldt.\n<br\/><br\/>\nWanneer u contact opneemt met Face Nord via de verschillende contactformulieren, e-mail of telefonisch met ons communiceert, worden uw gegevens tot vijf (5) jaar na het laatste contact bewaard. Met betrekking tot uw gebruikersaccount worden uw factureringsgegevens gedurende tien (10) jaar vanaf de aankoopdatum bewaard. De rest van uw gegevens worden gedurende vijf (5) jaar bewaard vanaf uw verzoek om uw gebruikersaccount te deactiveren. Uw creditcardgegevens, voor elke aankoop, worden dertien (13) maanden bewaard vanaf de datum van afschrijving, in geval van geschillen over de transactie. Wanneer u daarom verzoekt, wordt uw gebruikersaccount op de site gedeactiveerd en vervolgens volledig verwijderd aan het einde van de bovengenoemde perioden vanaf de dag dat u het verzoek heeft gedaan.\n<br\/><br\/>\nTen slotte, wat betreft de Gegevens die worden verzameld door middel van cookies of trackers, deze worden maximaal zes (6) maanden bewaard voor cookies of trackers die het publiek meten en tot dertien (13) maanden voor de anderen. Buiten de bovengenoemde bewaartermijnen worden uw gegevens geanonimiseerd om te worden bewaard voor uitsluitend statistische doeleinden.\n<h5>5. BESCHERMING VAN PERSOONLIJKE GEGEVENS<\/h5>\nWe implementeren verschillende beveiligingsmaatregelen om de veiligheid van uw persoonlijke gegevens te waarborgen. We gebruiken state-of-the-art codering om gevoelige informatie die online wordt verzonden te beschermen. We beschermen uw gegevens ook offline. Alleen werknemers die een specifieke taak moeten uitvoeren (bijvoorbeeld facturering of klantenservice) hebben toegang tot persoonlijk identificeerbare informatie. De computers en servers die worden gebruikt om persoonlijk identificeerbare informatie op te slaan, worden bewaard in een beveiligde omgeving.\n<h5>6. WAT ZIJN UW RECHTEN?<\/h5>\nIn overeenstemming met de Belgische wet van 8 december 1992 tot bescherming van de persoonlijke levenssfeer ten opzichte van de verwerking van persoonsgegevens en, vanaf 25 mei 2018, met de Europese Verordening 2016\/679 van het Europees Parlement en de Raad van 27 april, 2016 betreffende de bescherming van natuurlijke personen in verband met de verwerking van persoonsgegevens en betreffende het vrije verkeer van die gegevens, en tot intrekking van Richtlijn 95\/46\/EG (algemene verordening gegevensbescherming), hebben de gebruikers van wie de gegevens zijn verzameld het recht om deze gegevens, om de correctie of, indien nodig, de verwijdering ervan te vragen.\n<br\/><br\/>\nGebruikers kunnen ook bezwaar maken tegen de verwerking van gegevens die op hen betrekking hebben. Deze rechten kunnen worden uitgeoefend door een schriftelijk verzoek per e-mail te sturen naar het adres:<br\/>\n<br\/>\nFace Nord<br\/>\nChemin du ch\u00eane aux haies, 2<br\/>\n7000 Mons<br\/>\nTel. : +32 (0) 65 84 44 30<br\/>\nE-mail : info@facenord.be<br\/><br\/>\n\nKlachten in geval van overtreding van de Belgische regels die van toepassing zijn op de bescherming van persoonsgegevens op deze Website kunnen gericht worden aan de Belgische Commissie voor de Bescherming van de Persoonlijke Levenssfeer, op het adres commission@privacycommission.be.\n<h5>7. BEKENDMAKING AAN DERDEN<\/h5>\nWe verkopen, verhandelen of dragen uw persoonlijk identificeerbare informatie niet over aan derden. Dit omvat geen vertrouwde derde partijen die ons helpen bij het exploiteren van onze website of het uitvoeren van onze zaken, zolang deze partijen ermee instemmen deze informatie vertrouwelijk te houden.\n<br\/><br\/>\nWij zijn van mening dat het noodzakelijk is om informatie te delen om illegale activiteiten, vermoedelijke fraude, situaties met mogelijke bedreigingen voor de fysieke veiligheid van een persoon, schendingen van onze gebruiksvoorwaarden of wanneer dit wettelijk vereist is, te onderzoeken, te voorkomen of er actie op te ondernemen.\n<br\/><br\/>\nNiet-priv\u00e9gegevens kunnen echter aan andere partijen worden verstrekt voor marketing, reclame of ander gebruik.\n<h5>8. COOKIES EN ANDERE TRACKERS<\/h5>\nEen &#8220;cookie&#8221; is een klein bestand dat op de harde schijf van uw computer wordt opgeslagen wanneer u een site bezoekt of een advertentie bekijkt. Deze cookies worden gebruikt om uw gebruikerservaring te verbeteren door u diensten of aanbiedingen aan te bieden die overeenkomen met uw interessegebieden. U kunt het gebruik ervan op elk moment weigeren door uw internetbrowser te configureren.\nDe aard en het doel van de cookies die door de Website worden gebruikt, worden hieronder beschreven. Sommige cookies zijn noodzakelijk voor bepaalde technische functies van de Website en worden slechts voor een beperkte periode bewaard.\n<br\/><br\/>\n<strong><em>De soorten cookies die worden gebruikt<\/em><\/strong><br\/>\n<ul>\n \t<li>Doelgroepmeting (Google Analytics): Doelgroepmetingstools worden ingezet om informatie te verkrijgen over het browsen van bezoekers. Hun doel is om de analyse van het surfgedrag op de site mogelijk te maken voor optimalisatiedoeleinden.<\/li>\n \t<li>Social buttons: Onze site kan computerapplicaties van derden bevatten. Dit kan met name het geval zijn bij knoppen\/links naar sociale netwerken (dit is met name het geval bij de knoppen &#8220;Delen&#8221; en &#8220;Vind ik leuk&#8221; van sociale netwerken zoals Facebook, Twitter, enz.). We nodigen u daarom uit om hun beleid voor het beheer van cookies en in het bijzonder voor de bescherming van de privacy te raadplegen.<\/li>\n \t<li>Adverteren: dit zijn cookies die op onze site of buiten onze site worden gebruikt om u advertenties te presenteren of u informatie te sturen die is afgestemd op uw interessegebieden. Advertentiecookies worden met name gebruikt om het aantal keren dat u een advertentie ziet te beperken en ons te helpen de effectiviteit van een advertentiecampagne te meten.<\/li>\n<\/ul><br\/>\n<strong><em>Cookiebeheer<\/em><\/strong>\n<br\/>\nOm de installatie van cookies te accepteren of te weigeren, moet u uw internetbrowser configureren. Omdat de configuratie van elke browser anders is, wordt deze beschreven in het helpmenu van uw browser, zodat u weet hoe u uw wensen op het gebied van cookies kunt wijzigen.\n<br\/><br\/>\nU kunt ze als volgt uitschakelen:\n<br\/><br\/>\nInternet Explorer<br\/>\n<ul>\n \t<li>Kies het menu &#8220;Extra&#8221; en vervolgens &#8220;Internetopties&#8221;<\/li>\n \t<li>Klik op het tabblad &#8220;Privacy&#8221;<\/li>\n \t<li>Selecteer het gewenste niveau met de schuifregelaar<\/li>\n<\/ul><br\/>\nMozilla Firefox<br\/>\n<ul>\n \t<li>Kies het menu &#8220;Extra&#8221; en vervolgens &#8220;Opties&#8221;<\/li>\n \t<li>Klik op het tabblad &#8220;Privacy&#8221;<\/li>\n \t<li>Selecteer in de vervolgkeuzelijst &#8220;Bewaarregels&#8221; het gewenste niveau<\/li>\n<\/ul><br\/>\nGoogle Chrome<br\/>\n<ul>\n \t<li>Voer het adres chrome:\/\/settings\/ in de adresbalk van de browser in<\/li>\n \t<li>Klik op &#8220;geavanceerde instellingen&#8221; en vervolgens op &#8220;inhoudsinstellingen&#8221; en vervolgens op &#8220;cookies&#8221;<\/li>\n \t<li>Configureer uw browser zoals u dat wilt<\/li>\n<\/ul><br\/>\nSafari<br\/>\n<ul>\n \t<li>Klik op het menu &#8220;Safari&#8221;<\/li>\n \t<li>Klik op &#8220;Voorkeuren&#8221;<\/li>\n \t<li>Selecteer op het tabblad &#8220;Beveiliging&#8221; het gewenste niveau<\/li>\n<\/ul><br\/><br\/>\nHoud er rekening mee dat het verwijderen van cookies de navigatie moeilijker of zelfs onmogelijk kan maken.\n<h5>9. UITSCHRIJVEN<\/h5>\nWe gebruiken het e-mailadres dat u opgeeft om u bestelinformatie en updates, incidenteel bedrijfsnieuws, gerelateerde productinformatie en meer te sturen. Als u zich op enig moment wilt afmelden voor het ontvangen van verdere e-mails, vindt u gedetailleerde uitschrijfinstructies onderaan elke e-mail.\n<h5>10. TOESTEMMING<\/h5>\nDoor onze site te gebruiken, stemt u in met ons privacybeleid.\n<h5>11. CREATIE EN HOSTING VAN DE SITE<\/h5>\nDe website www.facenord.be werd gecre\u00eberd door:\n<br\/>\nL.M. SRL<br\/>\nTel. : +32 (0) 56 33 08 31<br\/>\nE-mail : info@lmstudio.be<br\/>\n<br\/>\nDe website wordt gehost op:<br\/>\n<br\/>\nOVH.com<br\/>\n2 rue Kellermann<br\/>\n59100 Roubaix \u2013 France<br\/>\nTel. : 0 899 498 765\t\t\t\t\t\t\t\t<\/div>\n\t\t\t\t<\/div>\n\t\t\t\t\t<\/div>\n\t\t<\/div>\n\t\t\t\t\t<\/div>\n\t\t<\/section>\n\t\t\t\t<\/div>\n\t\t","protected":false},"excerpt":{"rendered":"<p>PRIVACY Het is normaal dat u bijzonder belang hecht aan de manier waarop uw gegevens worden verkregen, gebruikt en gedeeld. Dit beleid inzake de bescherming van persoonsgegevens (het &#8220;Beleid&#8221;) illustreert het engagement van Face Nord \u2013 Soci\u00e9t\u00e9 anonyme onder het nummer BE0455 526 351 en&hellip;<\/p>\n","protected":false},"author":7,"featured_media":0,"parent":0,"menu_order":0,"comment_status":"closed","ping_status":"closed","template":"","meta":{"footnotes":""},"class_list":["post-7594","page","type-page","status-publish","hentry"],"yoast_head":"<!-- This site is optimized with the Yoast SEO plugin v27.3 - https:\/\/yoast.com\/product\/yoast-seo-wordpress\/ -->\n<title>Privacy - Face Nord<\/title>\n<meta name=\"robots\" content=\"index, follow, max-snippet:-1, max-image-preview:large, max-video-preview:-1\" \/>\n<link rel=\"canonical\" href=\"https:\/\/facenord.be\/nl\/privacy\/\" \/>\n<meta property=\"og:locale\" content=\"nl_NL\" \/>\n<meta property=\"og:type\" content=\"article\" \/>\n<meta property=\"og:title\" content=\"Privacy - Face Nord\" \/>\n<meta property=\"og:description\" content=\"PRIVACY Het is normaal dat u bijzonder belang hecht aan de manier waarop uw gegevens worden verkregen, gebruikt en gedeeld. Dit beleid inzake de bescherming van persoonsgegevens (het &#8220;Beleid&#8221;) illustreert het engagement van Face Nord \u2013 Soci\u00e9t\u00e9 anonyme onder het nummer BE0455 526 351 en&hellip;\" \/>\n<meta property=\"og:url\" content=\"https:\/\/facenord.be\/nl\/privacy\/\" \/>\n<meta property=\"og:site_name\" content=\"Face Nord\" \/>\n<meta property=\"article:modified_time\" content=\"2022-09-15T14:46:49+00:00\" \/>\n<meta property=\"og:image\" content=\"https:\/\/facenord.be\/wp-content\/uploads\/2022\/09\/Capture-de\u0301cran-2022-09-01-a\u0300-11.13.55-1024x583.png\" \/>\n\t<meta property=\"og:image:width\" content=\"1024\" \/>\n\t<meta property=\"og:image:height\" content=\"583\" \/>\n\t<meta property=\"og:image:type\" content=\"image\/png\" \/>\n<meta name=\"twitter:card\" content=\"summary_large_image\" \/>\n<meta name=\"twitter:label1\" content=\"Geschatte leestijd\" \/>\n\t<meta name=\"twitter:data1\" content=\"10 minuten\" \/>\n<script type=\"application\/ld+json\" class=\"yoast-schema-graph\">{\"@context\":\"https:\\\/\\\/schema.org\",\"@graph\":[{\"@type\":\"WebPage\",\"@id\":\"https:\\\/\\\/facenord.be\\\/nl\\\/privacy\\\/\",\"url\":\"https:\\\/\\\/facenord.be\\\/nl\\\/privacy\\\/\",\"name\":\"Privacy - Face Nord\",\"isPartOf\":{\"@id\":\"https:\\\/\\\/facenord.be\\\/#website\"},\"datePublished\":\"2022-07-20T08:23:45+00:00\",\"dateModified\":\"2022-09-15T14:46:49+00:00\",\"breadcrumb\":{\"@id\":\"https:\\\/\\\/facenord.be\\\/nl\\\/privacy\\\/#breadcrumb\"},\"inLanguage\":\"nl-NL\",\"potentialAction\":[{\"@type\":\"ReadAction\",\"target\":[\"https:\\\/\\\/facenord.be\\\/nl\\\/privacy\\\/\"]}]},{\"@type\":\"BreadcrumbList\",\"@id\":\"https:\\\/\\\/facenord.be\\\/nl\\\/privacy\\\/#breadcrumb\",\"itemListElement\":[{\"@type\":\"ListItem\",\"position\":1,\"name\":\"Accueil\",\"item\":\"https:\\\/\\\/facenord.be\\\/nl\\\/\"},{\"@type\":\"ListItem\",\"position\":2,\"name\":\"Privacy\"}]},{\"@type\":\"WebSite\",\"@id\":\"https:\\\/\\\/facenord.be\\\/#website\",\"url\":\"https:\\\/\\\/facenord.be\\\/\",\"name\":\"Face Nord\",\"description\":\"Salle d&#039;escalade\",\"publisher\":{\"@id\":\"https:\\\/\\\/facenord.be\\\/#organization\"},\"potentialAction\":[{\"@type\":\"SearchAction\",\"target\":{\"@type\":\"EntryPoint\",\"urlTemplate\":\"https:\\\/\\\/facenord.be\\\/?s={search_term_string}\"},\"query-input\":{\"@type\":\"PropertyValueSpecification\",\"valueRequired\":true,\"valueName\":\"search_term_string\"}}],\"inLanguage\":\"nl-NL\"},{\"@type\":\"Organization\",\"@id\":\"https:\\\/\\\/facenord.be\\\/#organization\",\"name\":\"Face Nord\",\"url\":\"https:\\\/\\\/facenord.be\\\/\",\"logo\":{\"@type\":\"ImageObject\",\"inLanguage\":\"nl-NL\",\"@id\":\"https:\\\/\\\/facenord.be\\\/#\\\/schema\\\/logo\\\/image\\\/\",\"url\":\"https:\\\/\\\/facenord.be\\\/wp-content\\\/uploads\\\/2022\\\/08\\\/cropped-FACENORD_Logo-1.png\",\"contentUrl\":\"https:\\\/\\\/facenord.be\\\/wp-content\\\/uploads\\\/2022\\\/08\\\/cropped-FACENORD_Logo-1.png\",\"width\":498,\"height\":200,\"caption\":\"Face Nord\"},\"image\":{\"@id\":\"https:\\\/\\\/facenord.be\\\/#\\\/schema\\\/logo\\\/image\\\/\"}}]}<\/script>\n<!-- \/ Yoast SEO plugin. -->","yoast_head_json":{"title":"Privacy - Face Nord","robots":{"index":"index","follow":"follow","max-snippet":"max-snippet:-1","max-image-preview":"max-image-preview:large","max-video-preview":"max-video-preview:-1"},"canonical":"https:\/\/facenord.be\/nl\/privacy\/","og_locale":"nl_NL","og_type":"article","og_title":"Privacy - Face Nord","og_description":"PRIVACY Het is normaal dat u bijzonder belang hecht aan de manier waarop uw gegevens worden verkregen, gebruikt en gedeeld. Dit beleid inzake de bescherming van persoonsgegevens (het &#8220;Beleid&#8221;) illustreert het engagement van Face Nord \u2013 Soci\u00e9t\u00e9 anonyme onder het nummer BE0455 526 351 en&hellip;","og_url":"https:\/\/facenord.be\/nl\/privacy\/","og_site_name":"Face Nord","article_modified_time":"2022-09-15T14:46:49+00:00","og_image":[{"width":1024,"height":583,"url":"https:\/\/facenord.be\/wp-content\/uploads\/2022\/09\/Capture-de\u0301cran-2022-09-01-a\u0300-11.13.55-1024x583.png","type":"image\/png"}],"twitter_card":"summary_large_image","twitter_misc":{"Geschatte leestijd":"10 minuten"},"schema":{"@context":"https:\/\/schema.org","@graph":[{"@type":"WebPage","@id":"https:\/\/facenord.be\/nl\/privacy\/","url":"https:\/\/facenord.be\/nl\/privacy\/","name":"Privacy - Face Nord","isPartOf":{"@id":"https:\/\/facenord.be\/#website"},"datePublished":"2022-07-20T08:23:45+00:00","dateModified":"2022-09-15T14:46:49+00:00","breadcrumb":{"@id":"https:\/\/facenord.be\/nl\/privacy\/#breadcrumb"},"inLanguage":"nl-NL","potentialAction":[{"@type":"ReadAction","target":["https:\/\/facenord.be\/nl\/privacy\/"]}]},{"@type":"BreadcrumbList","@id":"https:\/\/facenord.be\/nl\/privacy\/#breadcrumb","itemListElement":[{"@type":"ListItem","position":1,"name":"Accueil","item":"https:\/\/facenord.be\/nl\/"},{"@type":"ListItem","position":2,"name":"Privacy"}]},{"@type":"WebSite","@id":"https:\/\/facenord.be\/#website","url":"https:\/\/facenord.be\/","name":"Face Nord","description":"Salle d&#039;escalade","publisher":{"@id":"https:\/\/facenord.be\/#organization"},"potentialAction":[{"@type":"SearchAction","target":{"@type":"EntryPoint","urlTemplate":"https:\/\/facenord.be\/?s={search_term_string}"},"query-input":{"@type":"PropertyValueSpecification","valueRequired":true,"valueName":"search_term_string"}}],"inLanguage":"nl-NL"},{"@type":"Organization","@id":"https:\/\/facenord.be\/#organization","name":"Face Nord","url":"https:\/\/facenord.be\/","logo":{"@type":"ImageObject","inLanguage":"nl-NL","@id":"https:\/\/facenord.be\/#\/schema\/logo\/image\/","url":"https:\/\/facenord.be\/wp-content\/uploads\/2022\/08\/cropped-FACENORD_Logo-1.png","contentUrl":"https:\/\/facenord.be\/wp-content\/uploads\/2022\/08\/cropped-FACENORD_Logo-1.png","width":498,"height":200,"caption":"Face Nord"},"image":{"@id":"https:\/\/facenord.be\/#\/schema\/logo\/image\/"}}]}},"_links":{"self":[{"href":"https:\/\/facenord.be\/nl\/wp-json\/wp\/v2\/pages\/7594","targetHints":{"allow":["GET"]}}],"collection":[{"href":"https:\/\/facenord.be\/nl\/wp-json\/wp\/v2\/pages"}],"about":[{"href":"https:\/\/facenord.be\/nl\/wp-json\/wp\/v2\/types\/page"}],"author":[{"embeddable":true,"href":"https:\/\/facenord.be\/nl\/wp-json\/wp\/v2\/users\/7"}],"replies":[{"embeddable":true,"href":"https:\/\/facenord.be\/nl\/wp-json\/wp\/v2\/comments?post=7594"}],"version-history":[{"count":29,"href":"https:\/\/facenord.be\/nl\/wp-json\/wp\/v2\/pages\/7594\/revisions"}],"predecessor-version":[{"id":8077,"href":"https:\/\/facenord.be\/nl\/wp-json\/wp\/v2\/pages\/7594\/revisions\/8077"}],"wp:attachment":[{"href":"https:\/\/facenord.be\/nl\/wp-json\/wp\/v2\/media?parent=7594"}],"curies":[{"name":"wp","href":"https:\/\/api.w.org\/{rel}","templated":true}]}}